{"id":472,"date":"2026-01-07T13:21:21","date_gmt":"2026-01-07T13:21:21","guid":{"rendered":"https:\/\/www.camping-lacamance.com\/unsere-standorte\/"},"modified":"2026-01-20T16:31:36","modified_gmt":"2026-01-20T16:31:36","slug":"unsere-standorte","status":"publish","type":"page","link":"https:\/\/www.camping-lacamance.com\/de\/unsere-standorte\/","title":{"rendered":"Unsere Standorte"},"content":{"rendered":"\n<div class=\"wp-block-cover alignfull hrz-hero is-style-default\" style=\"margin-top:0;margin-bottom:0;padding-top:15rem;padding-bottom:15rem;min-height:70vh;aspect-ratio:unset;\"><img alt=\"\" decoding=\"async\" width=\"1024\" height=\"683\" class=\"wp-block-cover__image-background wp-image-74 size-large\" alt=\"\" src=\"https:\/\/www.camping-lacamance.com\/wp-content\/uploads\/2025\/12\/lac-orient-2-173-1024x683.webp\" data-object-fit=\"cover\" srcset=\"https:\/\/www.camping-lacamance.com\/wp-content\/uploads\/2025\/12\/lac-orient-2-173-1024x683.webp 1024w, https:\/\/www.camping-lacamance.com\/wp-content\/uploads\/2025\/12\/lac-orient-2-173-300x200.webp 300w, https:\/\/www.camping-lacamance.com\/wp-content\/uploads\/2025\/12\/lac-orient-2-173-768x512.webp 768w, https:\/\/www.camping-lacamance.com\/wp-content\/uploads\/2025\/12\/lac-orient-2-173-1440x960.webp 1440w, https:\/\/www.camping-lacamance.com\/wp-content\/uploads\/2025\/12\/lac-orient-2-173-1080x720.webp 1080w, https:\/\/www.camping-lacamance.com\/wp-content\/uploads\/2025\/12\/lac-orient-2-173-720x480.webp 720w, https:\/\/www.camping-lacamance.com\/wp-content\/uploads\/2025\/12\/lac-orient-2-173-480x320.webp 480w, https:\/\/www.camping-lacamance.com\/wp-content\/uploads\/2025\/12\/lac-orient-2-173-240x160.webp 240w, https:\/\/www.camping-lacamance.com\/wp-content\/uploads\/2025\/12\/lac-orient-2-173-120x80.webp 120w, https:\/\/www.camping-lacamance.com\/wp-content\/uploads\/2025\/12\/lac-orient-2-173.webp 1920w\" sizes=\"(max-width: 1024px) 100vw, 1024px\" \/><span aria-hidden=\"true\" class=\"wp-block-cover__background has-primary-background-color has-background-dim-30 has-background-dim\"><\/span><div class=\"wp-block-cover__inner-container has-global-padding is-layout-constrained wp-container-core-cover-is-layout-3023edc4 wp-block-cover-is-layout-constrained\">\n<p class=\"has-text-align-center is-style-top-title has-ternary-color has-text-color has-link-color has-primary-font-family has-large-font-size wp-elements-207fe1ed0c2edcd8bb5a82855d11e3ce is-style-top-title--1\">Unsere Standorte<\/p>\n<\/div><\/div>\n\n<div style=\"height:var(--wp--preset--spacing--xxxxl)\" aria-hidden=\"true\" class=\"wp-block-spacer\"><\/div>\n\n<div class=\"wp-block-group alignfull anim_element_bottomright has-global-padding is-layout-constrained wp-container-core-group-is-layout-b62c55f4 wp-block-group-is-layout-constrained\" style=\"margin-bottom:var(--wp--preset--spacing--xl);padding-top:var(--wp--preset--spacing--xl);padding-bottom:var(--wp--preset--spacing--xl)\">\n<div class=\"wp-block-group is-layout-flow wp-container-core-group-is-layout-6962916a wp-block-group-is-layout-flow\" style=\"padding-right:var(--wp--preset--spacing--l);padding-left:var(--wp--preset--spacing--l)\">\n<figure class=\"wp-block-image aligncenter size-full is-resized\"><img alt=\"\" decoding=\"async\" src=\"https:\/\/www.camping-lacamance.com\/wp-content\/uploads\/2025\/12\/bird-branch.svg\" alt=\"\" class=\"wp-image-86\" style=\"object-fit:cover;width:57px;height:55px\"\/><\/figure>\n\n\n\n<p class=\"has-text-align-center is-style-lab-p--subtitle is-style-hrz-p--subtitle has-bleu-o-5-color has-text-color has-link-color wp-elements-500798f195852ed18dceafea470f0234\">Unterkunft in Lac Amance<\/p>\n\n\n\n<h2 class=\"wp-block-heading has-text-align-center is-style-hrz-like-title--main is-style-hrz-title--main has-bleu-o-5-color has-text-color has-link-color has-title-font-size wp-elements-fad5d42386db8f1172ca395ad21b0edd\">Genie\u00dfen Sie eine au\u00dfergew\u00f6hnliche nat\u00fcrliche Umgebung im Herzen der Champagne.<\/h2>\n\n\n\n<p class=\"has-text-align-center is-style-lab-p--base is-style-hrz-p--base has-text-alt-color has-text-color has-link-color wp-elements-3c8c53b87e5f318e0776355733b25632\" style=\"margin-top:var(--wp--preset--spacing--s);margin-bottom:var(--wp--preset--spacing--m)\">Unsere ger\u00e4umigen und gr\u00fcnen Stellpl\u00e4tze sind durch Vegetation abgegrenzt, um Ihre Privatsph\u00e4re zu sch\u00fctzen und verf\u00fcgen \u00fcber einen Parkplatz f\u00fcr Ihr Fahrzeug. Ob Sie mit Zelt, Wohnwagen, Van oder Wohnmobil kommen, auf dem Campingplatz Lac Amance finden Sie einen idealen, ruhigen und komfortablen Ort f\u00fcr Ihren Aufenthalt in der Natur. <\/p>\n\n\n\n<p class=\"has-text-align-center is-style-lab-p--base is-style-hrz-p--base has-text-alt-color has-text-color has-link-color wp-elements-e180b573ee68ba561b8045e700b77400\" style=\"margin-top:var(--wp--preset--spacing--s);margin-bottom:var(--wp--preset--spacing--m)\">Am Ufer des Sees von Amance gelegen, k\u00f6nnen Sie den Strand und die zahlreichen Wassersportm\u00f6glichkeiten nutzen: Schwimmen, Paddeln, Jetski oder einfach nur in der Sonne faulenzen. Naturliebhaber und Wanderer werden auch die Wander- und Radwege sch\u00e4tzen, die direkt vom Campingplatz aus starten, um die typischen Landschaften der Champagne und den Charme des regionalen Naturparks For\u00eat d&#8217;Orient zu entdecken. <\/p>\n<\/div>\n<\/div>\n\n<div class=\"wp-block-group alignfull is-style-hrz-is-waves anim_element_bottomleft has-global-padding is-layout-constrained wp-container-core-group-is-layout-4383d167 wp-block-group-is-layout-constrained\">\n<div class=\"wp-block-columns alignwide are-vertically-aligned-center hrz-responsive-col hrz-reponsive-order is-layout-flex wp-container-core-columns-is-layout-55d0221a wp-block-columns-is-layout-flex\" style=\"margin-top:0;margin-bottom:0;padding-top:var(--wp--preset--spacing--xl);padding-right:2rem;padding-bottom:var(--wp--preset--spacing--xl);padding-left:2rem\">\n<div class=\"wp-block-column is-vertically-aligned-center is-layout-flow wp-block-column-is-layout-flow\">\n<figure class=\"wp-block-image size-full is-resized map-home\"><img alt=\"\" decoding=\"async\" width=\"1920\" height=\"1280\" src=\"https:\/\/www.camping-lacamance.com\/wp-content\/uploads\/2025\/12\/lac-orient-2017-104.webp\" alt=\"\" class=\"wp-image-72\" style=\"width:490px\" srcset=\"https:\/\/www.camping-lacamance.com\/wp-content\/uploads\/2025\/12\/lac-orient-2017-104.webp 1920w, https:\/\/www.camping-lacamance.com\/wp-content\/uploads\/2025\/12\/lac-orient-2017-104-300x200.webp 300w, https:\/\/www.camping-lacamance.com\/wp-content\/uploads\/2025\/12\/lac-orient-2017-104-1024x683.webp 1024w, https:\/\/www.camping-lacamance.com\/wp-content\/uploads\/2025\/12\/lac-orient-2017-104-768x512.webp 768w, https:\/\/www.camping-lacamance.com\/wp-content\/uploads\/2025\/12\/lac-orient-2017-104-1440x960.webp 1440w, https:\/\/www.camping-lacamance.com\/wp-content\/uploads\/2025\/12\/lac-orient-2017-104-1080x720.webp 1080w, https:\/\/www.camping-lacamance.com\/wp-content\/uploads\/2025\/12\/lac-orient-2017-104-720x480.webp 720w, https:\/\/www.camping-lacamance.com\/wp-content\/uploads\/2025\/12\/lac-orient-2017-104-480x320.webp 480w, https:\/\/www.camping-lacamance.com\/wp-content\/uploads\/2025\/12\/lac-orient-2017-104-240x160.webp 240w, https:\/\/www.camping-lacamance.com\/wp-content\/uploads\/2025\/12\/lac-orient-2017-104-120x80.webp 120w\" sizes=\"(max-width: 1920px) 100vw, 1920px\" \/><\/figure>\n<\/div>\n\n\n\n<div class=\"wp-block-column is-vertically-aligned-center is-layout-flow wp-container-core-column-is-layout-96b295de wp-block-column-is-layout-flow\" style=\"padding-top:0;padding-right:0;padding-bottom:0;padding-left:0\">\n<figure class=\"wp-block-image size-full is-resized\"><img alt=\"\" decoding=\"async\" src=\"https:\/\/www.camping-lacamance.com\/wp-content\/uploads\/2025\/12\/heron-fish.svg\" alt=\"\" class=\"wp-image-87\" style=\"width:60px\"\/><\/figure>\n\n\n\n<h2 class=\"wp-block-heading is-style-hrz-title--sub has-white-color has-text-color has-link-color wp-elements-7571d1eded4487f1ab0ea7242209b595\">Komfortable Stellpl\u00e4tze auf dem Campingplatz Lac Amance<\/h2>\n\n\n\n<p class=\"is-style-hrz-p--title has-white-color has-text-color has-link-color wp-elements-4654acd028a97ea6d3f07c5ea144ee6c\" style=\"margin-bottom:var(--wp--preset--spacing--l)\">Genie\u00dfen Sie eine au\u00dfergew\u00f6hnliche nat\u00fcrliche Umgebung im Herzen der Champagne.<\/p>\n\n\n\n<p class=\"is-style-hrz-p--base has-white-color has-text-color has-link-color wp-elements-b1ccd79127b044b0870d7e39ffd6126e\">Da Ihr Wohlbefinden unsere Priorit\u00e4t ist, bieten wir Ihnen moderne und gut gepflegte Einrichtungen. Jeder Platz ist mit einem Stromanschluss ausgestattet und Wasserstellen befinden sich in der N\u00e4he. Unsere gepflegten Sanit\u00e4ranlagen sind mit warmen Duschen und Waschbecken ausgestattet und garantieren Ihnen Sauberkeit und Komfort. Selbstverst\u00e4ndlich sind alle unsere Einrichtungen f\u00fcr Personen mit eingeschr\u00e4nkter Mobilit\u00e4t zug\u00e4nglich. K\u00fchlschr\u00e4nke k\u00f6nnen Sie w\u00e4hrend Ihres Aufenthalts mieten.     Bitte z\u00f6gern Sie nicht, uns zu kontaktieren.<\/p>\n<\/div>\n<\/div>\n<\/div>\n\n<div class=\"wp-block-columns alignwide are-vertically-aligned-center hrz-responsive-col hrz-reponsive-order am-content-1 is-layout-flex wp-container-core-columns-is-layout-c4878926 wp-block-columns-is-layout-flex\" style=\"margin-top:0;margin-bottom:0;padding-top:var(--wp--preset--spacing--xl);padding-right:var(--wp--preset--spacing--xxl);padding-bottom:var(--wp--preset--spacing--xl);padding-left:var(--wp--preset--spacing--xxl)\">\n<div class=\"wp-block-column is-vertically-aligned-center is-relative am-content-1-left is-layout-flow wp-container-core-column-is-layout-84cdc0d1 wp-block-column-is-layout-flow\" style=\"padding-top:0;padding-right:0;padding-bottom:20rem;padding-left:0\">\n<h2 class=\"wp-block-heading is-style-hrz-title--sub has-bleu-o-5-color has-text-color has-link-color wp-elements-5a25d9cf9a137d6be8802995ba285c51\">Zwei Arten von Stellpl\u00e4tzen<\/h2>\n\n\n\n<p class=\"is-style-hrz-p--title has-bleu-o-5-color has-text-color has-link-color wp-elements-c981d961b3f225dae649e2c9cb071ab8\" style=\"margin-bottom:var(--wp--preset--spacing--l)\">zur Freude aller<\/p>\n\n\n\n<p class=\"is-style-hrz-p--base\">Wir bieten zwei Arten von Stellpl\u00e4tzen an, um Ihren Erwartungen gerecht zu werden:<br\/><br\/><strong><a href=\"https:\/\/reservation.secureholiday.net\/fr\/19185\/\" target=\"_blank\" rel=\"noreferrer noopener\">Komfort Gras :<\/a><\/strong> Ger\u00e4umige Stellpl\u00e4tze, 100% Gras f\u00fcr Zelte oder Wohnwagen.<br\/><strong><a href=\"https:\/\/reservation.secureholiday.net\/fr\/19185\/\" target=\"_blank\" rel=\"noreferrer noopener\">Komfort stabilisiert:<\/a><\/strong> Ger\u00e4umige, stabilisierte Stellpl\u00e4tze f\u00fcr Wohnmobile oder Wohnwagen.<br\/><br\/>Au\u00dferdem gibt es auf dem Gel\u00e4nde eine Entsorgungsstation f\u00fcr Wohnmobile, um Ihre Ankunft und Ihren Aufenthalt zu erleichtern.<\/p>\n<\/div>\n\n\n\n<div class=\"wp-block-column is-vertically-aligned-center am-content-1-right is-layout-flow wp-block-column-is-layout-flow\">\n<figure class=\"wp-block-image size-large\"><img alt=\"\" decoding=\"async\" width=\"1017\" height=\"1024\" src=\"https:\/\/www.camping-lacamance.com\/wp-content\/uploads\/2025\/12\/lac-orient-2023-054-1017x1024.webp\" alt=\"\" class=\"wp-image-71\" style=\"aspect-ratio:1;object-fit:cover\" srcset=\"https:\/\/www.camping-lacamance.com\/wp-content\/uploads\/2025\/12\/lac-orient-2023-054-1017x1024.webp 1017w, https:\/\/www.camping-lacamance.com\/wp-content\/uploads\/2025\/12\/lac-orient-2023-054-298x300.webp 298w, https:\/\/www.camping-lacamance.com\/wp-content\/uploads\/2025\/12\/lac-orient-2023-054-150x150.webp 150w, https:\/\/www.camping-lacamance.com\/wp-content\/uploads\/2025\/12\/lac-orient-2023-054-768x774.webp 768w, https:\/\/www.camping-lacamance.com\/wp-content\/uploads\/2025\/12\/lac-orient-2023-054-200x200.webp 200w, https:\/\/www.camping-lacamance.com\/wp-content\/uploads\/2025\/12\/lac-orient-2023-054-100x100.webp 100w, https:\/\/www.camping-lacamance.com\/wp-content\/uploads\/2025\/12\/lac-orient-2023-054.webp 1906w\" sizes=\"(max-width: 1017px) 100vw, 1017px\" \/><\/figure>\n<\/div>\n<\/div>\n","protected":false},"excerpt":{"rendered":"<p>Unterkunft in Lac Amance Genie\u00dfen Sie eine au\u00dfergew\u00f6hnliche nat\u00fcrliche Umgebung im Herzen der Champagne. Unsere ger\u00e4umigen und gr\u00fcnen Stellpl\u00e4tze sind durch Vegetation abgegrenzt, um Ihre Privatsph\u00e4re zu sch\u00fctzen und verf\u00fcgen \u00fcber einen Parkplatz f\u00fcr Ihr Fahrzeug. Ob Sie mit Zelt, Wohnwagen, Van oder Wohnmobil kommen, auf dem Campingplatz Lac Amance finden Sie einen idealen, ruhigen [&hellip;]<\/p>\n","protected":false},"author":1,"featured_media":0,"parent":0,"menu_order":9,"comment_status":"closed","ping_status":"closed","template":"page-no-title","meta":{"_acf_changed":false,"_seopress_robots_primary_cat":"","_seopress_titles_title":"Stellplatz Camping For\u00eat d'Orient | Stellplatz Zelt, Wohnwagen und Wohnmobil","_seopress_titles_desc":"Stellen Sie Ihr Zelt, Ihren Wohnwagen oder Ihr Wohnmobil auf unseren gro\u00dfen, schattigen oder sonnigen Parzellen auf. Genie\u00dfen Sie die Ruhe und die Natur in der N\u00e4he des Lac d'Amance. ","_seopress_robots_index":"","footnotes":""},"class_list":["post-472","page","type-page","status-publish","hentry"],"acf":[],"_links":{"self":[{"href":"https:\/\/www.camping-lacamance.com\/de\/wp-json\/wp\/v2\/pages\/472","targetHints":{"allow":["GET"]}}],"collection":[{"href":"https:\/\/www.camping-lacamance.com\/de\/wp-json\/wp\/v2\/pages"}],"about":[{"href":"https:\/\/www.camping-lacamance.com\/de\/wp-json\/wp\/v2\/types\/page"}],"author":[{"embeddable":true,"href":"https:\/\/www.camping-lacamance.com\/de\/wp-json\/wp\/v2\/users\/1"}],"replies":[{"embeddable":true,"href":"https:\/\/www.camping-lacamance.com\/de\/wp-json\/wp\/v2\/comments?post=472"}],"version-history":[{"count":1,"href":"https:\/\/www.camping-lacamance.com\/de\/wp-json\/wp\/v2\/pages\/472\/revisions"}],"predecessor-version":[{"id":473,"href":"https:\/\/www.camping-lacamance.com\/de\/wp-json\/wp\/v2\/pages\/472\/revisions\/473"}],"wp:attachment":[{"href":"https:\/\/www.camping-lacamance.com\/de\/wp-json\/wp\/v2\/media?parent=472"}],"curies":[{"name":"wp","href":"https:\/\/api.w.org\/{rel}","templated":true}]}}