{"id":478,"date":"2026-01-07T14:15:46","date_gmt":"2026-01-07T14:15:46","guid":{"rendered":"https:\/\/www.camping-lacamance.com\/die-umgebung\/"},"modified":"2026-02-17T14:39:12","modified_gmt":"2026-02-17T14:39:12","slug":"die-umgebung","status":"publish","type":"page","link":"https:\/\/www.camping-lacamance.com\/de\/die-umgebung\/","title":{"rendered":"Die Umgebung"},"content":{"rendered":"\n<div class=\"wp-block-cover alignfull is-light hrz-hero is-style-default\" style=\"margin-top:0;margin-bottom:0;padding-top:15rem;padding-bottom:15rem;min-height:70vh;aspect-ratio:unset;\"><img alt=\"\" decoding=\"async\" width=\"1024\" height=\"576\" class=\"wp-block-cover__image-background wp-image-70 size-large\" alt=\"\" src=\"https:\/\/www.camping-lacamance.com\/wp-content\/uploads\/2025\/12\/canoe-1024x576.webp\" data-object-fit=\"cover\" srcset=\"https:\/\/www.camping-lacamance.com\/wp-content\/uploads\/2025\/12\/canoe-1024x576.webp 1024w, https:\/\/www.camping-lacamance.com\/wp-content\/uploads\/2025\/12\/canoe-300x169.webp 300w, https:\/\/www.camping-lacamance.com\/wp-content\/uploads\/2025\/12\/canoe-768x432.webp 768w, https:\/\/www.camping-lacamance.com\/wp-content\/uploads\/2025\/12\/canoe-1440x810.webp 1440w, https:\/\/www.camping-lacamance.com\/wp-content\/uploads\/2025\/12\/canoe-1366x768.webp 1366w, https:\/\/www.camping-lacamance.com\/wp-content\/uploads\/2025\/12\/canoe-800x450.webp 800w, https:\/\/www.camping-lacamance.com\/wp-content\/uploads\/2025\/12\/canoe-640x360.webp 640w, https:\/\/www.camping-lacamance.com\/wp-content\/uploads\/2025\/12\/canoe-375x210.webp 375w, https:\/\/www.camping-lacamance.com\/wp-content\/uploads\/2025\/12\/canoe-200x112.webp 200w, https:\/\/www.camping-lacamance.com\/wp-content\/uploads\/2025\/12\/canoe-100x56.webp 100w, https:\/\/www.camping-lacamance.com\/wp-content\/uploads\/2025\/12\/canoe.webp 1920w\" sizes=\"(max-width: 1024px) 100vw, 1024px\" \/><span aria-hidden=\"true\" class=\"wp-block-cover__background has-primary-background-color has-background-dim-30 has-background-dim\"><\/span><div class=\"wp-block-cover__inner-container has-global-padding is-layout-constrained wp-container-core-cover-is-layout-3023edc4 wp-block-cover-is-layout-constrained\">\n<p class=\"has-text-align-center is-style-top-title has-ternary-color has-text-color has-link-color has-primary-font-family has-large-font-size wp-elements-7b3b2d235328885d454a7cdb051e82e6 is-style-top-title--1\">Die Umgebung<\/p>\n<\/div><\/div>\n\n\n\n\n\n<div style=\"height:0px\" aria-hidden=\"true\" class=\"wp-block-spacer\"><\/div>\n\n\n\n<div class=\"wp-block-columns alignwide hrz-responsive-col hrz-reponsive-order am-content-1 is-layout-flex wp-container-core-columns-is-layout-0d75f54f wp-block-columns-is-layout-flex\" style=\"margin-top:var(--wp--preset--spacing--xl);margin-bottom:var(--wp--preset--spacing--xl);padding-top:0;padding-right:var(--wp--preset--spacing--xxl);padding-left:var(--wp--preset--spacing--xxl)\">\n<div class=\"wp-block-column is-vertically-aligned-top is-relative am-content-1-left is-layout-flow wp-container-core-column-is-layout-96b295de wp-block-column-is-layout-flow\" style=\"padding-top:0;padding-right:0;padding-bottom:0;padding-left:0\">\n<h2 class=\"wp-block-heading is-style-hrz-title--sub has-bleu-o-5-color has-text-color has-link-color wp-elements-812ffd77baf88f8161b07e15800ac331\" style=\"margin-bottom:var(--wp--preset--spacing--2-m)\">Entdecken Sie Dienville und die Region der Seen<\/h2>\n\n\n\n<p class=\"is-style-hrz-p--base\">Dienville liegt im Herzen des Seengebiets und ist der ideale Ausgangspunkt, um die Seen der Champagne zu genie\u00dfen: Amance, Orient und Temple. Die Landschaft ist unber\u00fchrt und abwechslungsreich, mit W\u00e4ldern, ruhigen Ufern und Wasserfl\u00e4chen, die f\u00fcr alle Arten von Aktivit\u00e4ten geeignet sind. <\/p>\n\n\n\n<p>Weitere Informationen \u00fcber die Region finden Sie auf den folgenden Websites:<\/p>\n\n\n\n<p><a href=\"https:\/\/www.aube-champagne.com\/fr\/\">www.aube-champagne.com<\/a><\/p>\n\n\n\n<p><a href=\"https:\/\/www.troyeslachampagne.com\/\">www.troyeslachampagne.com<\/a><\/p>\n\n\n\n<p><a href=\"https:\/\/grandslacsdechampagne.fr\/fr\/\">www.grandslacsdechampagne.fr<\/a><\/p>\n<\/div>\n\n\n\n<div class=\"wp-block-column is-vertically-aligned-top am-content-1-right is-layout-flow wp-block-column-is-layout-flow\">\n<figure class=\"wp-block-image size-large\"><img alt=\"\" decoding=\"async\" width=\"1024\" height=\"768\" src=\"https:\/\/www.camping-lacamance.com\/wp-content\/uploads\/2025\/12\/Image6-1024x768.webp\" alt=\"\" class=\"wp-image-64\" srcset=\"https:\/\/www.camping-lacamance.com\/wp-content\/uploads\/2025\/12\/Image6-1024x768.webp 1024w, https:\/\/www.camping-lacamance.com\/wp-content\/uploads\/2025\/12\/Image6-300x225.webp 300w, https:\/\/www.camping-lacamance.com\/wp-content\/uploads\/2025\/12\/Image6-768x576.webp 768w, https:\/\/www.camping-lacamance.com\/wp-content\/uploads\/2025\/12\/Image6-1440x1080.webp 1440w, https:\/\/www.camping-lacamance.com\/wp-content\/uploads\/2025\/12\/Image6-720x540.webp 720w, https:\/\/www.camping-lacamance.com\/wp-content\/uploads\/2025\/12\/Image6-320x240.webp 320w, https:\/\/www.camping-lacamance.com\/wp-content\/uploads\/2025\/12\/Image6-160x120.webp 160w, https:\/\/www.camping-lacamance.com\/wp-content\/uploads\/2025\/12\/Image6.webp 1920w\" sizes=\"(max-width: 1024px) 100vw, 1024px\" \/><\/figure>\n<\/div>\n<\/div>\n\n\n\n<div class=\"wp-block-group alignfull is-style-hrz-is-waves anim_element_bottomleft has-global-padding is-layout-constrained wp-container-core-group-is-layout-4383d167 wp-block-group-is-layout-constrained\">\n<div class=\"wp-block-columns alignwide are-vertically-aligned-center hrz-responsive-col hrz-reponsive-order is-layout-flex wp-container-core-columns-is-layout-55d0221a wp-block-columns-is-layout-flex\" style=\"margin-top:0;margin-bottom:0;padding-top:var(--wp--preset--spacing--xl);padding-right:2rem;padding-bottom:var(--wp--preset--spacing--xl);padding-left:2rem\">\n<div class=\"wp-block-column is-vertically-aligned-center is-layout-flow wp-block-column-is-layout-flow\">\n<figure class=\"wp-block-image size-full is-resized map-home\"><img alt=\"\" decoding=\"async\" width=\"1920\" height=\"1216\" src=\"https:\/\/www.camping-lacamance.com\/wp-content\/uploads\/2025\/12\/dosches.webp\" alt=\"\" class=\"wp-image-67\" style=\"width:490px\" srcset=\"https:\/\/www.camping-lacamance.com\/wp-content\/uploads\/2025\/12\/dosches.webp 1920w, https:\/\/www.camping-lacamance.com\/wp-content\/uploads\/2025\/12\/dosches-300x190.webp 300w, https:\/\/www.camping-lacamance.com\/wp-content\/uploads\/2025\/12\/dosches-1024x649.webp 1024w, https:\/\/www.camping-lacamance.com\/wp-content\/uploads\/2025\/12\/dosches-768x486.webp 768w\" sizes=\"(max-width: 1920px) 100vw, 1920px\" \/><\/figure>\n<\/div>\n\n\n\n<div class=\"wp-block-column is-vertically-aligned-center is-layout-flow wp-container-core-column-is-layout-96b295de wp-block-column-is-layout-flow\" style=\"padding-top:0;padding-right:0;padding-bottom:0;padding-left:0\">\n<figure class=\"wp-block-image size-full is-resized\"><img alt=\"\" decoding=\"async\" src=\"https:\/\/www.camping-lacamance.com\/wp-content\/uploads\/2025\/12\/heron-fish.svg\" alt=\"\" class=\"wp-image-87\" style=\"width:60px\"\/><\/figure>\n\n\n\n<h2 class=\"wp-block-heading is-style-hrz-title--sub has-white-color has-text-color has-link-color wp-elements-3a2dee8c1a933039829abde0ffe62f77\" style=\"margin-bottom:var(--wp--preset--spacing--2-m)\">Radfahren, Wandern, alles da!<\/h2>\n\n\n\n<p class=\"is-style-hrz-p--base has-white-color has-text-color has-link-color wp-elements-5dfeccf3c030f03227a993377d675706\">Radfahrer k\u00f6nnen auf der Velovoice fahren, die um die Seen herumf\u00fchrt und Ihnen die M\u00f6glichkeit bietet, die Region auf eigene Faust zu erkunden. Naturliebhaber und Outdoor-Sportler werden von den Waldwanderungen profitieren, w\u00e4hrend Wassersportler auf dem Lac d&#8217;Amance paddeln, Jetski fahren, segeln und andere Wassersportarten ausprobieren k\u00f6nnen. F\u00fcr Familien bietet das Baumklettern ein spielerisches und sportliches Abenteuer in den B\u00e4umen.  <\/p>\n<\/div>\n<\/div>\n<\/div>\n\n\n\n<div class=\"wp-block-columns alignwide hrz-responsive-col hrz-reponsive-order am-content-1 is-layout-flex wp-container-core-columns-is-layout-0d75f54f wp-block-columns-is-layout-flex\" style=\"margin-top:var(--wp--preset--spacing--xl);margin-bottom:var(--wp--preset--spacing--xl);padding-top:0;padding-right:var(--wp--preset--spacing--xxl);padding-left:var(--wp--preset--spacing--xxl)\">\n<div class=\"wp-block-column is-vertically-aligned-top is-relative am-content-1-left is-layout-flow wp-container-core-column-is-layout-96b295de wp-block-column-is-layout-flow\" style=\"padding-top:0;padding-right:0;padding-bottom:0;padding-left:0\">\n<h2 class=\"wp-block-heading is-style-hrz-title--sub has-bleu-o-5-color has-text-color has-link-color wp-elements-987c1b24cb20c6f4fae3277d18dfd13c\" style=\"margin-bottom:var(--wp--preset--spacing--2-m)\">Zwischen Entspannung, Sport und Entdeckung<\/h2>\n\n\n\n<p class=\"is-style-hrz-p--base\">Neugierige werden auch den Tierbereich des Maison du Parc sch\u00e4tzen, wo sie die reiche lokale Biodiversit\u00e4t beobachten k\u00f6nnen. Zwischen Entspannung, Sport und Entdeckung bieten Dienville und die Region der Seen einen idealen Rahmen f\u00fcr einen reichen und erholsamen Aufenthalt. <\/p>\n<\/div>\n\n\n\n<div class=\"wp-block-column is-vertically-aligned-top am-content-1-right is-layout-flow wp-block-column-is-layout-flow\">\n<figure class=\"wp-block-image size-large\"><img alt=\"\" decoding=\"async\" width=\"1024\" height=\"682\" src=\"https:\/\/www.camping-lacamance.com\/wp-content\/uploads\/2025\/12\/peche-orient-1024x682.webp\" alt=\"\" class=\"wp-image-60\" srcset=\"https:\/\/www.camping-lacamance.com\/wp-content\/uploads\/2025\/12\/peche-orient-1024x682.webp 1024w, https:\/\/www.camping-lacamance.com\/wp-content\/uploads\/2025\/12\/peche-orient-300x200.webp 300w, https:\/\/www.camping-lacamance.com\/wp-content\/uploads\/2025\/12\/peche-orient-768x512.webp 768w, https:\/\/www.camping-lacamance.com\/wp-content\/uploads\/2025\/12\/peche-orient-1440x960.webp 1440w, https:\/\/www.camping-lacamance.com\/wp-content\/uploads\/2025\/12\/peche-orient-1080x720.webp 1080w, https:\/\/www.camping-lacamance.com\/wp-content\/uploads\/2025\/12\/peche-orient-720x480.webp 720w, https:\/\/www.camping-lacamance.com\/wp-content\/uploads\/2025\/12\/peche-orient-480x320.webp 480w, https:\/\/www.camping-lacamance.com\/wp-content\/uploads\/2025\/12\/peche-orient-240x160.webp 240w, https:\/\/www.camping-lacamance.com\/wp-content\/uploads\/2025\/12\/peche-orient-120x80.webp 120w, https:\/\/www.camping-lacamance.com\/wp-content\/uploads\/2025\/12\/peche-orient.webp 1920w\" sizes=\"(max-width: 1024px) 100vw, 1024px\" \/><\/figure>\n<\/div>\n<\/div>\n\n\n\n<div class=\"wp-block-group alignfull wpgrid-map-section is-layout-flow wp-block-group-is-layout-flow\" style=\"padding-left:var(--wp--preset--spacing--s)\">\n<div class=\"wp-block-columns wpgrid-map-content is-layout-flex wp-container-core-columns-is-layout-48f035cc wp-block-columns-is-layout-flex\">\n<div class=\"wp-block-column wpgrid-map-left is-layout-flow wp-block-column-is-layout-flow\"><!-- Gridbuilder \u1d42\u1d3e Plugin (https:\/\/wpgridbuilder.com) -->\n<div class=\"wp-grid-builder wpgb-grid-5\" data-options=\"{&quot;id&quot;:5,&quot;type&quot;:&quot;masonry&quot;,&quot;source&quot;:&quot;post_type&quot;,&quot;loader&quot;:false,&quot;layout&quot;:&quot;vertical&quot;,&quot;reveal&quot;:0,&quot;isMainQuery&quot;:false,&quot;lazyLoad&quot;:false,&quot;cardSizes&quot;:{&quot;9999&quot;:{&quot;columns&quot;:3,&quot;height&quot;:120,&quot;gutter&quot;:30,&quot;ratio&quot;:&quot;1.33333&quot;},&quot;1440&quot;:{&quot;columns&quot;:2,&quot;height&quot;:120,&quot;gutter&quot;:30,&quot;ratio&quot;:&quot;1.33333&quot;},&quot;480&quot;:{&quot;columns&quot;:1,&quot;height&quot;:120,&quot;gutter&quot;:30,&quot;ratio&quot;:&quot;1.33333&quot;}},&quot;fitRows&quot;:false,&quot;equalRows&quot;:0,&quot;equalColumns&quot;:true,&quot;fillLastRow&quot;:0,&quot;centerLastRow&quot;:0,&quot;horizontalOrder&quot;:true,&quot;fullWidth&quot;:false,&quot;transitionDelay&quot;:100,&quot;gallerySlideshow&quot;:false,&quot;rowsNumber&quot;:1,&quot;slideAlign&quot;:&quot;left&quot;,&quot;groupCells&quot;:1,&quot;draggable&quot;:true,&quot;initialIndex&quot;:0,&quot;contain&quot;:false,&quot;freeScroll&quot;:false,&quot;freeFriction&quot;:&quot;0.075&quot;,&quot;friction&quot;:&quot;0.285&quot;,&quot;attraction&quot;:&quot;0.025&quot;,&quot;autoPlay&quot;:0,&quot;pageDotAriaLabel&quot;:&quot;Page dot %d&quot;,&quot;isPreview&quot;:false,&quot;isGutenberg&quot;:false,&quot;rightToLeft&quot;:false}\"><div class=\"wpgb-svg-icons\" hidden>\n\t<svg viewBox=\"0 0 120 24\" width=\"0\" height=\"0\">\n\t<defs>\n        <polygon id=\"wpgb-star-svg\" points=\"12 2.5 15.1 8.8 22 9.8 17 14.6 18.2 21.5 12 18.3 5.8 21.5 7 14.6 2 9.8 8.9 8.8\"><\/polygon>\n    <\/defs>\n    <symbol id=\"wpgb-rating-stars-svg\">\n        <use xlink:href=\"#wpgb-star-svg\"><\/use>\n        <use xlink:href=\"#wpgb-star-svg\" x=\"24\"><\/use>\n        <use xlink:href=\"#wpgb-star-svg\" x=\"48\"><\/use>\n        <use xlink:href=\"#wpgb-star-svg\" x=\"72\"><\/use>\n        <use xlink:href=\"#wpgb-star-svg\" x=\"96\"><\/use>\n    <\/symbol>\n<\/svg>\n<\/div>\n<div class=\"wpgb-wrapper\">\n\t<div class=\"wpgb-main\">\n\t<div class=\"wpgb-area wpgb-area-top-2\">\n\t<div class=\"wpgb-facet wpgb-loading wpgb-facet-1\" data-facet=\"1\" data-grid=\"5\"><\/div><\/div>\n<div class=\"wpgb-layout\">\n\t<div class=\"wpgb-viewport\">\n\t\t<div class=\"wpgb-masonry\">\n\t\t\t<article class=\"wpgb-card wpgb-card-21 wpgb-post-615\" data-col=\"1\" data-row=\"1\" data-format=\"standard\" data-fluid><div class=\"wpgb-card-wrapper\"><div class=\"wpgb-card-inner\" data-action><div class=\"wpgb-card-media wpgb-scheme-light\"><svg data-ratio style=\"padding-top:56.25%\" viewBox=\"0 0 768 432\"><\/svg><div class=\"wpgb-card-media-thumbnail\"><a href=\"https:\/\/www.camping-lacamance.com\/wp-content\/uploads\/2026\/01\/attraction-montagne-russe-nigloland-1920x1080-1.jpg\" tabindex=\"-1\" class=\"wpgb-handle-lb wpgb-lightbox\" data-type=\"image\" data-rel=\"5\" data-title=\"russische-berg-attraktion-nigloland-1920&#215;1080\" title=\"Enlarge photo\"><div style=\"background-image:url(https:\/\/www.camping-lacamance.com\/wp-content\/uploads\/2026\/01\/attraction-montagne-russe-nigloland-1920x1080-1-768x432.jpg)\"><\/div><noscript><img decoding=\"async\" class=\"wpgb-noscript-img\" src=\"https:\/\/www.camping-lacamance.com\/wp-content\/uploads\/2026\/01\/attraction-montagne-russe-nigloland-1920x1080-1-768x432.jpg\" alt=\"\" height=\"432\" width=\"768\"><\/noscript><\/a><\/div><\/div><div class=\"wpgb-card-content wpgb-scheme-dark\"><div class=\"wpgb-card-body\"><div class=\"wpgb-block-6\">Nigloland<\/div><p class=\"wpgb-block-2\">Ein Vergn\u00fcgungspark, in dem Sie mit Ihrer Familie wunderbare Abenteuer erleben k\u00f6nnen, die Sie in Staunen versetzen und Ihnen einen&#8230;<\/p><\/div><div class=\"wpgb-card-footer\"><div class=\"wpgb-block-4\">Entdecken<\/div><\/div><\/div><a class=\"wpgb-card-layer-link\" href=\"https:\/\/www.camping-lacamance.com\/de\/lieux\/nigloland\/\"><\/a><\/div><\/div><\/article><article class=\"wpgb-card wpgb-card-21 wpgb-post-609\" data-col=\"1\" data-row=\"1\" data-format=\"standard\" data-fluid><div class=\"wpgb-card-wrapper\"><div class=\"wpgb-card-inner\" data-action><div class=\"wpgb-card-media wpgb-scheme-light\"><svg data-ratio style=\"padding-top:66.67%\" viewBox=\"0 0 768 512\"><\/svg><div class=\"wpgb-card-media-thumbnail\"><a href=\"https:\/\/www.camping-lacamance.com\/wp-content\/uploads\/2025\/12\/Le-stand-paddle-pratique-salee-comme-Re-comme-douce-On-estime-20-000-nombre-paddlers-francais_0.webp\" tabindex=\"-1\" class=\"wpgb-handle-lb wpgb-lightbox\" data-type=\"image\" data-rel=\"5\" data-title=\"Stand-Paddle-Praxis-gesichert-wie-S\u00fc\u00df-Wir-sch\u00e4tzen-20-000-Anzahl-der-Paddler-franz\u00f6sisch_0\" title=\"Enlarge photo\"><div style=\"background-image:url(https:\/\/www.camping-lacamance.com\/wp-content\/uploads\/2025\/12\/Le-stand-paddle-pratique-salee-comme-Re-comme-douce-On-estime-20-000-nombre-paddlers-francais_0-768x512.webp)\"><\/div><noscript><img decoding=\"async\" class=\"wpgb-noscript-img\" src=\"https:\/\/www.camping-lacamance.com\/wp-content\/uploads\/2025\/12\/Le-stand-paddle-pratique-salee-comme-Re-comme-douce-On-estime-20-000-nombre-paddlers-francais_0-768x512.webp\" alt=\"\" height=\"512\" width=\"768\"><\/noscript><\/a><\/div><\/div><div class=\"wpgb-card-content wpgb-scheme-dark\"><div class=\"wpgb-card-body\"><div class=\"wpgb-block-6\">Gleitsport<\/div><div class=\"wpgb-block-2\"><p>Das Freizeitzentrum von Dienville ist ein Muss f\u00fcr Jetski- und Wasserski-Liebhaber.<\/p><\/div><\/div><div class=\"wpgb-card-footer\"><div class=\"wpgb-block-4\">Entdecken<\/div><\/div><\/div><a class=\"wpgb-card-layer-link\" href=\"https:\/\/www.camping-lacamance.com\/de\/lieux\/gleitsport-in-dienville\/\"><\/a><\/div><\/div><\/article><article class=\"wpgb-card wpgb-card-21 wpgb-post-594\" data-col=\"1\" data-row=\"1\" data-format=\"standard\" data-fluid><div class=\"wpgb-card-wrapper\"><div class=\"wpgb-card-inner\" data-action><div class=\"wpgb-card-content wpgb-scheme-dark\"><div class=\"wpgb-card-body\"><div class=\"wpgb-block-6\">For\u00eat d&#8217;Orient<\/div><div class=\"wpgb-block-2\"><p>Der regionale Naturpark For\u00eat d&#8217;Orient erstreckt sich von den Grenzen der Region Paris bis in den S\u00fcden der Champagne.<\/p><\/div><\/div><div class=\"wpgb-card-footer\"><div class=\"wpgb-block-4\">Entdecken<\/div><\/div><\/div><a class=\"wpgb-card-layer-link\" href=\"https:\/\/www.camping-lacamance.com\/de\/lieux\/fauna-und-wald-von-orient\/\"><\/a><\/div><\/div><\/article><article class=\"wpgb-card wpgb-card-21 wpgb-post-576\" data-col=\"1\" data-row=\"1\" data-format=\"standard\" data-fluid><div class=\"wpgb-card-wrapper\"><div class=\"wpgb-card-inner\" data-action><div class=\"wpgb-card-content wpgb-scheme-dark\"><div class=\"wpgb-card-body\"><div class=\"wpgb-block-6\">La Champagne<\/div><div class=\"wpgb-block-2\"><p>Die Champagne ist auf der ganzen Welt f\u00fcr ihren Schaumwein bekannt, der bei Hochzeiten, Feiern und Geburtstagen f\u00fcr Stimmung sorgt.<\/p><\/div><\/div><div class=\"wpgb-card-footer\"><div class=\"wpgb-block-4\">Entdecken<\/div><\/div><\/div><a class=\"wpgb-card-layer-link\" href=\"https:\/\/www.camping-lacamance.com\/de\/lieux\/weinkellereien-und-weinberge-in-der-champagne\/\"><\/a><\/div><\/div><\/article><article class=\"wpgb-card wpgb-card-21 wpgb-post-587\" data-col=\"1\" data-row=\"1\" data-format=\"standard\" data-fluid><div class=\"wpgb-card-wrapper\"><div class=\"wpgb-card-inner\" data-action><div class=\"wpgb-card-content wpgb-scheme-dark\"><div class=\"wpgb-card-body\"><div class=\"wpgb-block-6\">Abtei von Clairvaux<\/div><div class=\"wpgb-block-2\"><p>Clairvaux, im Herzen des alten gallischen Waldes, an der Grenze zwischen der Champagne und Burgund. Land der Stille.<\/p><\/div><\/div><div class=\"wpgb-card-footer\"><div class=\"wpgb-block-4\">Entdecken<\/div><\/div><\/div><a class=\"wpgb-card-layer-link\" href=\"https:\/\/www.camping-lacamance.com\/de\/lieux\/abtei-von-clairvaux\/\"><\/a><\/div><\/div><\/article><article class=\"wpgb-card wpgb-card-21 wpgb-post-621\" data-col=\"1\" data-row=\"1\" data-format=\"standard\" data-fluid><div class=\"wpgb-card-wrapper\"><div class=\"wpgb-card-inner\" data-action><div class=\"wpgb-card-content wpgb-scheme-dark\"><div class=\"wpgb-card-body\"><div class=\"wpgb-block-6\">Troyes<\/div><p class=\"wpgb-block-2\">Diese mittelalterliche Stadt hat ein bezauberndes Stadtzentrum mit Fachwerkh\u00e4usern aus dem 16. Jahrhundert und mehrere Kirchen, die f\u00fcr ihre Glasmalereien&#8230;<\/p><\/div><div class=\"wpgb-card-footer\"><div class=\"wpgb-block-4\">Entdecken<\/div><\/div><\/div><a class=\"wpgb-card-layer-link\" href=\"https:\/\/www.camping-lacamance.com\/de\/lieux\/die-stadt-troyes\/\"><\/a><\/div><\/div><\/article>\t\t<\/div>\n\t<\/div>\n\t<\/div>\n\t<\/div>\n\t\t<\/div>\n<\/div>\n<\/div>\n\n\n\n<div class=\"wp-block-column wpgrid-map-right is-layout-flow wp-block-column-is-layout-flow\"><div class=\"wpgb-facet wpgb-loading wpgb-facet-9\" data-facet=\"9\" data-grid=\"5\">\t<fieldset>\n\t\t<legend class=\"wpgb-facet-title wpgb-sr-only\">Plune Map &#8211; Map facet<\/legend>\n\t\t<div class=\"wpgb-map-facet\" style=\"padding-bottom:100%\"><\/div><label class=\"wpgb-map-pan-to-search\">\n\t\t\t\t<input type=\"checkbox\">\n\t\t\t\t<span class=\"wpgb-checkbox-control\"><\/span>\n\t\t\t\t<span class=\"wpgb-map-pan-label\">Suchen, wenn ich die Karte verschiebe<\/span>\n\t\t\t<\/label>\t<\/fieldset>\n\t<\/div><\/div>\n<\/div>\n<\/div>\n","protected":false},"excerpt":{"rendered":"<p>Entdecken Sie Dienville und die Region der Seen Dienville liegt im Herzen des Seengebiets und ist der ideale Ausgangspunkt, um die Seen der Champagne zu genie\u00dfen: Amance, Orient und Temple. Die Landschaft ist unber\u00fchrt und abwechslungsreich, mit W\u00e4ldern, ruhigen Ufern und Wasserfl\u00e4chen, die f\u00fcr alle Arten von Aktivit\u00e4ten geeignet sind. Weitere Informationen \u00fcber die Region [&hellip;]<\/p>\n","protected":false},"author":1,"featured_media":0,"parent":0,"menu_order":8,"comment_status":"closed","ping_status":"closed","template":"page-no-gsap","meta":{"_acf_changed":false,"_seopress_robots_primary_cat":"","_seopress_titles_title":"Tourismus Aube | Was kann man auf einem Campingplatz im Departement Aube (10) unternehmen?","_seopress_titles_desc":"Die Auswahl zwischen Natur und Kulturerbe ist gro\u00df! Von den Gro\u00dfen Seen \u00fcber die Stadt Troyes, die Champagne und Nigloland: Entdecken Sie die unumg\u00e4nglichen Sehensw\u00fcrdigkeiten.","_seopress_robots_index":"","footnotes":""},"class_list":["post-478","page","type-page","status-publish","hentry"],"acf":[],"_links":{"self":[{"href":"https:\/\/www.camping-lacamance.com\/de\/wp-json\/wp\/v2\/pages\/478","targetHints":{"allow":["GET"]}}],"collection":[{"href":"https:\/\/www.camping-lacamance.com\/de\/wp-json\/wp\/v2\/pages"}],"about":[{"href":"https:\/\/www.camping-lacamance.com\/de\/wp-json\/wp\/v2\/types\/page"}],"author":[{"embeddable":true,"href":"https:\/\/www.camping-lacamance.com\/de\/wp-json\/wp\/v2\/users\/1"}],"replies":[{"embeddable":true,"href":"https:\/\/www.camping-lacamance.com\/de\/wp-json\/wp\/v2\/comments?post=478"}],"version-history":[{"count":3,"href":"https:\/\/www.camping-lacamance.com\/de\/wp-json\/wp\/v2\/pages\/478\/revisions"}],"predecessor-version":[{"id":904,"href":"https:\/\/www.camping-lacamance.com\/de\/wp-json\/wp\/v2\/pages\/478\/revisions\/904"}],"wp:attachment":[{"href":"https:\/\/www.camping-lacamance.com\/de\/wp-json\/wp\/v2\/media?parent=478"}],"curies":[{"name":"wp","href":"https:\/\/api.w.org\/{rel}","templated":true}]}}