{"id":490,"date":"2025-12-23T16:16:51","date_gmt":"2025-12-23T16:16:51","guid":{"rendered":"https:\/\/www.camping-lacamance.com\/rechtliche-hinweise\/"},"modified":"2026-01-20T16:31:38","modified_gmt":"2026-01-20T16:31:38","slug":"rechtliche-hinweise","status":"publish","type":"page","link":"https:\/\/www.camping-lacamance.com\/de\/rechtliche-hinweise\/","title":{"rendered":"Rechtliche Hinweise"},"content":{"rendered":"\n<div class=\"wp-block-cover alignfull is-light hrz-hero is-style-default\" style=\"margin-top:0;margin-bottom:0;padding-top:15rem;padding-bottom:15rem;min-height:70vh;aspect-ratio:unset;\"><img alt=\"\" decoding=\"async\" width=\"1024\" height=\"768\" class=\"wp-block-cover__image-background wp-image-31 size-large\" alt=\"\" src=\"https:\/\/www.camping-lacamance.com\/wp-content\/uploads\/2025\/12\/626dc656bd425648578c7351371abfaa11c2af0f-1024x768.jpg\" data-object-fit=\"cover\" srcset=\"https:\/\/www.camping-lacamance.com\/wp-content\/uploads\/2025\/12\/626dc656bd425648578c7351371abfaa11c2af0f-1024x768.jpg 1024w, https:\/\/www.camping-lacamance.com\/wp-content\/uploads\/2025\/12\/626dc656bd425648578c7351371abfaa11c2af0f-300x225.jpg 300w, https:\/\/www.camping-lacamance.com\/wp-content\/uploads\/2025\/12\/626dc656bd425648578c7351371abfaa11c2af0f-768x576.jpg 768w, https:\/\/www.camping-lacamance.com\/wp-content\/uploads\/2025\/12\/626dc656bd425648578c7351371abfaa11c2af0f-1440x1080.jpg 1440w, https:\/\/www.camping-lacamance.com\/wp-content\/uploads\/2025\/12\/626dc656bd425648578c7351371abfaa11c2af0f-720x540.jpg 720w, https:\/\/www.camping-lacamance.com\/wp-content\/uploads\/2025\/12\/626dc656bd425648578c7351371abfaa11c2af0f-320x240.jpg 320w, https:\/\/www.camping-lacamance.com\/wp-content\/uploads\/2025\/12\/626dc656bd425648578c7351371abfaa11c2af0f-160x120.jpg 160w, https:\/\/www.camping-lacamance.com\/wp-content\/uploads\/2025\/12\/626dc656bd425648578c7351371abfaa11c2af0f.jpg 1800w\" sizes=\"(max-width: 1024px) 100vw, 1024px\" \/><span aria-hidden=\"true\" class=\"wp-block-cover__background has-primary-background-color has-background-dim-30 has-background-dim\"><\/span><div class=\"wp-block-cover__inner-container has-global-padding is-layout-constrained wp-container-core-cover-is-layout-3023edc4 wp-block-cover-is-layout-constrained\">\n<p class=\"has-text-align-center is-style-top-title has-ternary-color has-text-color has-link-color has-primary-font-family has-large-font-size wp-elements-8508d93c3a0f43fd15b52803639a4163 is-style-top-title--1\">Rechtliche Hinweise<\/p>\n<\/div><\/div>\n\n<div style=\"height:var(--wp--preset--spacing--xxxxl)\" aria-hidden=\"true\" class=\"wp-block-spacer\"><\/div>\n\n<div class=\"wp-block-columns alignwide hrz-responsive-col hrz-reponsive-order am-content-1 is-layout-flex wp-container-core-columns-is-layout-2235d0a5 wp-block-columns-is-layout-flex\" style=\"margin-top:0;margin-bottom:0;padding-top:0;padding-right:var(--wp--preset--spacing--xxl);padding-left:var(--wp--preset--spacing--xxl)\">\n<div class=\"wp-block-column is-vertically-aligned-top is-relative am-content-1-left is-layout-flow wp-container-core-column-is-layout-0ec5fc61 wp-block-column-is-layout-flow\" style=\"padding-top:var(--wp--preset--spacing--xxl);padding-right:0;padding-bottom:var(--wp--preset--spacing--xxl);padding-left:0\">\n<h2 class=\"wp-block-heading\" style=\"margin-top:var(--wp--preset--spacing--2-m);margin-bottom:var(--wp--preset--spacing--2-m)\">Identit\u00e4t :<\/h2>\n\n\n\n<p><br\/>Name der Website: <strong>Camping Lac Amance<\/strong><br\/>Adresse: https:\/\/camping-lacamance.com\/<br\/>Verantwortlich f\u00fcr die Ver\u00f6ffentlichung: <strong>Camping Lac Amance<\/strong><br\/>Design und Umsetzung: <strong>Horizon Marketing<\/strong><br\/>Animation: <strong>Camping Lac Amance<\/strong><br\/>Hosting: <strong>Infomaniak<\/strong><\/p>\n\n\n\n<h2 class=\"wp-block-heading\" style=\"margin-top:var(--wp--preset--spacing--2-m);margin-bottom:var(--wp--preset--spacing--2-m)\">Juristische Person :<\/h2>\n\n\n\n<p>LAC AMANCE, Stammkapital: 100.000\u20ac, SIRET-Nr.: 994 988 277 0012, RCS: 994 988 277, Intracommunautaire TVA: FR42 994 988 277<\/p>\n\n\n\n<h2 class=\"wp-block-heading\" style=\"margin-top:var(--wp--preset--spacing--2-m);margin-bottom:var(--wp--preset--spacing--2-m)\">Nutzungsbedingungen<\/h2>\n\n\n\n<p>Die Nutzung dieser Website setzt die vollst\u00e4ndige und uneingeschr\u00e4nkte Annahme der nachstehend beschriebenen allgemeinen Nutzungsbedingungen voraus. Diese Nutzungsbedingungen k\u00f6nnen jederzeit ge\u00e4ndert oder erg\u00e4nzt werden. <\/p>\n\n\n\n<h2 class=\"wp-block-heading\" style=\"margin-top:var(--wp--preset--spacing--2-m);margin-bottom:var(--wp--preset--spacing--2-m)\">Informationen<\/h2>\n\n\n\n<p>Die Informationen und Dokumente auf der Website dienen der Information, sind nicht ersch\u00f6pfend und k\u00f6nnen nicht zur Verantwortung gezogen werden.<\/p>\n\n\n\n<p>Der Eigent\u00fcmer der Website haftet nicht f\u00fcr direkte oder indirekte Sch\u00e4den, die sich aus dem Zugriff auf die Website ergeben.<\/p>\n\n\n\n<h2 class=\"wp-block-heading\" style=\"margin-top:var(--wp--preset--spacing--2-m);margin-bottom:var(--wp--preset--spacing--2-m)\">Interaktivit\u00e4t<\/h2>\n\n\n\n<p>Die Nutzer der Website k\u00f6nnen Inhalte hinterlegen, die auf der Website in daf\u00fcr vorgesehenen Bereichen erscheinen (insbesondere \u00fcber das Kontaktformular). Die Verantwortung f\u00fcr den Inhalt liegt bei den Autoren, die die volle rechtliche Verantwortung daf\u00fcr \u00fcbernehmen. <\/p>\n\n\n\n<p>Der Eigent\u00fcmer der Website beh\u00e4lt sich jedoch das Recht vor, von Nutzern eingereichte Inhalte, die nicht den ethischen Richtlinien der Website oder den geltenden Gesetzen entsprechen, ohne Vorank\u00fcndigung und ohne Begr\u00fcndung zu entfernen.<\/p>\n\n\n\n<h2 class=\"wp-block-heading\" style=\"margin-top:var(--wp--preset--spacing--2-m);margin-bottom:var(--wp--preset--spacing--2-m)\">Geistiges Eigentum<\/h2>\n\n\n\n<p>Sofern nicht anders angegeben, sind alle auf der Website zug\u00e4nglichen Elemente (Texte, Bilder, Grafiken, Logos, Icons, T\u00f6ne, Software usw.) das ausschlie\u00dfliche Eigentum ihrer Autoren, was die Rechte am geistigen Eigentum oder die Nutzungsrechte betrifft.<\/p>\n\n\n\n<p>Die Vervielf\u00e4ltigung, Darstellung, \u00c4nderung, Ver\u00f6ffentlichung und Anpassung aller oder eines Teils der Elemente der Website, unabh\u00e4ngig von den verwendeten Mitteln oder Verfahren, ist ohne vorherige schriftliche Genehmigung des Autors untersagt.<\/p>\n\n\n\n<p>Jede nicht genehmigte Nutzung der Website oder eines ihrer Elemente gilt als F\u00e4lschung und wird strafrechtlich verfolgt.<\/p>\n\n\n\n<p>Die auf der Website abgebildeten Marken und Logos sind von den Unternehmen registriert, die ihre Eigent\u00fcmer sind.<\/p>\n\n\n\n<h2 class=\"wp-block-heading\" style=\"margin-top:var(--wp--preset--spacing--2-m);margin-bottom:var(--wp--preset--spacing--2-m)\">Links<\/h2>\n\n\n\n<p><strong>Ausgehende Links<\/strong><\/p>\n\n\n\n<p>Der Eigent\u00fcmer der Website lehnt jede Haftung ab und ist nicht verpflichtet, \u00fcber Hypertext-Links auf Ressourcen Dritter im Internet zu verweisen, sowohl in Bezug auf deren Inhalt als auch auf deren Relevanz.<\/p>\n\n\n\n<p><strong>Eingehende Links<\/strong><\/p>\n\n\n\n<p>Der Eigent\u00fcmer der Website gestattet Hypertext-Links zu einer der Seiten dieser Website, sofern diese ein neues Fenster \u00f6ffnen und unmissverst\u00e4ndlich dargestellt werden, um zu verhindern, dass :<\/p>\n\n\n\n<ul class=\"wp-block-list\">\n<li>jegliche Verwechslungsgefahr zwischen der zitierenden Website und dem Eigent\u00fcmer der Website<\/li>\n\n\n\n<li>sowie jede tendenzi\u00f6se oder gegen das geltende Recht versto\u00dfende Darstellung.<\/li>\n<\/ul>\n\n\n\n<p>Der Eigent\u00fcmer der Website beh\u00e4lt sich das Recht vor, die Entfernung eines Links zu verlangen, wenn er der Ansicht ist, dass die Quellsite die hier festgelegten Regeln nicht einh\u00e4lt.<\/p>\n\n\n\n<h2 class=\"wp-block-heading\" style=\"margin-top:var(--wp--preset--spacing--2-m);margin-bottom:var(--wp--preset--spacing--2-m)\">Datenschutz<\/h2>\n\n\n\n<p>Jeder Nutzer hat das Recht auf Zugang, Berichtigung und Widerspruch zu den ihn betreffenden pers\u00f6nlichen Daten, indem er einen schriftlichen und unterschriebenen Antrag zusammen mit einem Identit\u00e4tsnachweis stellt.<\/p>\n\n\n\n<p>Bei Anfragen wenden Sie sich bitte an die Beschwerdeabteilung<\/p>\n\n\n\n<h2 class=\"wp-block-heading\" style=\"margin-top:var(--wp--preset--spacing--2-m);margin-bottom:var(--wp--preset--spacing--2-m)\">Ombudsmann f\u00fcr Verbraucherfragen<\/h2>\n\n\n\n<p>Gem\u00e4\u00df den Bestimmungen von Artikel L 612-1 des Verbraucherschutzgesetzes hat jeder Kunde des Campingplatzes das Recht, sich kostenlos an einen Verbraucherschlichter zu wenden, um einen Streitfall zwischen ihm und dem Betreiber des Campingplatzes g\u00fctlich beizulegen.<br\/>Centre de la m\u00e9diation de la consommation de conciliateurs de justice &#8211; CM2C<br\/>14 Rue Saint Jean<br\/>75017 PARIS oder auf der Website CM2C.net.<\/p>\n\n\n\n<h2 class=\"wp-block-heading\" style=\"margin-top:var(--wp--preset--spacing--2-m);margin-bottom:var(--wp--preset--spacing--2-m)\">Kredite<\/h2>\n\n\n\n<p>Adobe stock<br\/>Campingplatz Lac Amance<\/p>\n<\/div>\n<\/div>\n","protected":false},"excerpt":{"rendered":"<p>Identit\u00e4t : Name der Website: Camping Lac AmanceAdresse: https:\/\/camping-lacamance.com\/Verantwortlich f\u00fcr die Ver\u00f6ffentlichung: Camping Lac AmanceDesign und Umsetzung: Horizon MarketingAnimation: Camping Lac AmanceHosting: Infomaniak Juristische Person : LAC AMANCE, Stammkapital: 100.000\u20ac, SIRET-Nr.: 994 988 277 0012, RCS: 994 988 277, Intracommunautaire TVA: FR42 994 988 277 Nutzungsbedingungen Die Nutzung dieser Website setzt die vollst\u00e4ndige und uneingeschr\u00e4nkte [&hellip;]<\/p>\n","protected":false},"author":1,"featured_media":0,"parent":0,"menu_order":16,"comment_status":"closed","ping_status":"closed","template":"page-no-title","meta":{"_acf_changed":false,"_seopress_robots_primary_cat":"","_seopress_titles_title":"Rechtliche Hinweise | Camping Lac d'Amance in Dienville bei Troyes","_seopress_titles_desc":"Impressum des 3-Sterne-Campingplatzes Lac d'Amance in Dienville in der N\u00e4he von Troyes im Departement Aube.","_seopress_robots_index":"","footnotes":""},"class_list":["post-490","page","type-page","status-publish","hentry"],"acf":[],"_links":{"self":[{"href":"https:\/\/www.camping-lacamance.com\/de\/wp-json\/wp\/v2\/pages\/490","targetHints":{"allow":["GET"]}}],"collection":[{"href":"https:\/\/www.camping-lacamance.com\/de\/wp-json\/wp\/v2\/pages"}],"about":[{"href":"https:\/\/www.camping-lacamance.com\/de\/wp-json\/wp\/v2\/types\/page"}],"author":[{"embeddable":true,"href":"https:\/\/www.camping-lacamance.com\/de\/wp-json\/wp\/v2\/users\/1"}],"replies":[{"embeddable":true,"href":"https:\/\/www.camping-lacamance.com\/de\/wp-json\/wp\/v2\/comments?post=490"}],"version-history":[{"count":2,"href":"https:\/\/www.camping-lacamance.com\/de\/wp-json\/wp\/v2\/pages\/490\/revisions"}],"predecessor-version":[{"id":667,"href":"https:\/\/www.camping-lacamance.com\/de\/wp-json\/wp\/v2\/pages\/490\/revisions\/667"}],"wp:attachment":[{"href":"https:\/\/www.camping-lacamance.com\/de\/wp-json\/wp\/v2\/media?parent=490"}],"curies":[{"name":"wp","href":"https:\/\/api.w.org\/{rel}","templated":true}]}}