{"id":564,"date":"2025-12-23T09:16:20","date_gmt":"2025-12-23T09:16:20","guid":{"rendered":"https:\/\/www.camping-lacamance.com\/aktivitaeten-animationen\/"},"modified":"2026-01-20T16:33:23","modified_gmt":"2026-01-20T16:33:23","slug":"aktivitaeten-animationen","status":"publish","type":"page","link":"https:\/\/www.camping-lacamance.com\/de\/aktivitaeten-animationen\/","title":{"rendered":"Aktivit\u00e4ten &amp; Animationen"},"content":{"rendered":"\n<div class=\"wp-block-cover alignfull is-light hrz-hero is-style-default\" style=\"margin-top:0;margin-bottom:0;padding-top:15rem;padding-bottom:15rem;min-height:70vh;aspect-ratio:unset;\"><img alt=\"\" decoding=\"async\" width=\"1024\" height=\"683\" class=\"wp-block-cover__image-background wp-image-32 size-large\" alt=\"\" src=\"https:\/\/www.camping-lacamance.com\/wp-content\/uploads\/2025\/12\/lac-orient-2-039-1024x683.webp\" style=\"object-position:49% 84%\" data-object-fit=\"cover\" data-object-position=\"49% 84%\" srcset=\"https:\/\/www.camping-lacamance.com\/wp-content\/uploads\/2025\/12\/lac-orient-2-039-1024x683.webp 1024w, https:\/\/www.camping-lacamance.com\/wp-content\/uploads\/2025\/12\/lac-orient-2-039-300x200.webp 300w, https:\/\/www.camping-lacamance.com\/wp-content\/uploads\/2025\/12\/lac-orient-2-039-768x512.webp 768w, https:\/\/www.camping-lacamance.com\/wp-content\/uploads\/2025\/12\/lac-orient-2-039-1440x960.webp 1440w, https:\/\/www.camping-lacamance.com\/wp-content\/uploads\/2025\/12\/lac-orient-2-039-1080x720.webp 1080w, https:\/\/www.camping-lacamance.com\/wp-content\/uploads\/2025\/12\/lac-orient-2-039-720x480.webp 720w, https:\/\/www.camping-lacamance.com\/wp-content\/uploads\/2025\/12\/lac-orient-2-039-480x320.webp 480w, https:\/\/www.camping-lacamance.com\/wp-content\/uploads\/2025\/12\/lac-orient-2-039-240x160.webp 240w, https:\/\/www.camping-lacamance.com\/wp-content\/uploads\/2025\/12\/lac-orient-2-039-120x80.webp 120w, https:\/\/www.camping-lacamance.com\/wp-content\/uploads\/2025\/12\/lac-orient-2-039.webp 1920w\" sizes=\"(max-width: 1024px) 100vw, 1024px\" \/><span aria-hidden=\"true\" class=\"wp-block-cover__background has-primary-background-color has-background-dim-30 has-background-dim\"><\/span><div class=\"wp-block-cover__inner-container has-global-padding is-layout-constrained wp-container-core-cover-is-layout-3023edc4 wp-block-cover-is-layout-constrained\">\n<p class=\"has-text-align-center is-style-top-title has-ternary-color has-text-color has-link-color has-primary-font-family has-large-font-size wp-elements-5eb7c1ebfa0156d3600f4231a5f42231 is-style-top-title--1\">Aktivit\u00e4ten &amp; Animationen<\/p>\n<\/div><\/div>\n\n<div style=\"height:var(--wp--preset--spacing--xxxxl)\" aria-hidden=\"true\" class=\"wp-block-spacer\"><\/div>\n\n<div class=\"wp-block-group alignfull anim_element_bottomright has-global-padding is-layout-constrained wp-container-core-group-is-layout-b62c55f4 wp-block-group-is-layout-constrained\" style=\"margin-bottom:var(--wp--preset--spacing--xl);padding-top:var(--wp--preset--spacing--xl);padding-bottom:var(--wp--preset--spacing--xl)\">\n<div class=\"wp-block-group is-layout-flow wp-container-core-group-is-layout-6962916a wp-block-group-is-layout-flow\" style=\"padding-right:var(--wp--preset--spacing--l);padding-left:var(--wp--preset--spacing--l)\">\n<figure class=\"wp-block-image aligncenter size-full is-resized\"><img alt=\"\" decoding=\"async\" src=\"https:\/\/www.camping-lacamance.com\/wp-content\/uploads\/2025\/12\/bird-branch.svg\" alt=\"\" class=\"wp-image-86\" style=\"object-fit:cover;width:57px;height:55px\"\/><\/figure>\n\n\n\n<p class=\"has-text-align-center is-style-lab-p--subtitle is-style-hrz-p--subtitle has-bleu-o-5-color has-text-color has-link-color wp-elements-138a40b672f27305aeae9a12096d7263\">Viel Spa\u00df auf dem Campingplatz Lac Amance<\/p>\n\n\n\n<h2 class=\"wp-block-heading has-text-align-center is-style-hrz-like-title--main is-style-hrz-title--main has-bleu-o-5-color has-text-color has-link-color has-title-font-size wp-elements-fca6c937e478e306be8a7e59c58b4c2d\">Animationen f\u00fcr alle!<\/h2>\n\n\n\n<p class=\"has-text-align-center is-style-lab-p--base is-style-hrz-p--base has-text-alt-color has-text-color has-link-color wp-elements-2306e62ede3a37f3c03369562ac52fe7\" style=\"margin-top:var(--wp--preset--spacing--s);margin-bottom:var(--wp--preset--spacing--m)\">Auf dem Campingplatz sind die Tage von guter Laune und Geselligkeit gepr\u00e4gt! Wir bieten in den Monaten Juli und August Aktivit\u00e4ten f\u00fcr alle Altersgruppen an, damit jeder einen Urlaub voller Lachen, Austausch und Entdeckungen genie\u00dfen kann. <\/p>\n<\/div>\n<\/div>\n\n<div class=\"wp-block-columns alignwide hrz-responsive-col hrz-reponsive-order am-content-1 is-layout-flex wp-container-core-columns-is-layout-2235d0a5 wp-block-columns-is-layout-flex\" style=\"margin-top:0;margin-bottom:0;padding-top:0;padding-right:var(--wp--preset--spacing--xxl);padding-left:var(--wp--preset--spacing--xxl)\">\n<div class=\"wp-block-column is-vertically-aligned-top is-relative am-content-1-left is-layout-flow wp-container-core-column-is-layout-84cdc0d1 wp-block-column-is-layout-flow\" style=\"padding-top:0;padding-right:0;padding-bottom:20rem;padding-left:0\">\n<h2 class=\"wp-block-heading is-style-hrz-title--sub has-bleu-o-5-color has-text-color has-link-color wp-elements-1b70e9b9dfd9c910437216c1b98b3499\">Der Kids Club<\/h2>\n\n\n\n<p class=\"is-style-hrz-p--title has-bleu-o-5-color has-text-color has-link-color wp-elements-ec38763879f4d76108b4123994bb1161\" style=\"margin-bottom:var(--wp--preset--spacing--l)\">eine Welt des Spiels und der Kreativit\u00e4t<\/p>\n\n\n\n<p class=\"is-style-hrz-p--base\">Auch die J\u00fcngsten werden nicht vergessen! Im Kids Club entdecken die Kinder neue spielerische und kreative Aktivit\u00e4ten. Zwischen Bastelworkshops, Gruppenspielen, gro\u00dfen Herausforderungen und Schatzsuchen gibt es alles, um ihre Fantasie anzuregen und neue Freunde in einer fr\u00f6hlichen und wohlwollenden Atmosph\u00e4re zu finden.  <\/p>\n\n\n\n<figure class=\"wp-block-image size-full is-absolute heron-one\"><img alt=\"\" decoding=\"async\" src=\"https:\/\/www.camping-lacamance.com\/wp-content\/uploads\/2025\/12\/heron.svg\" alt=\"\" class=\"wp-image-88\"\/><\/figure>\n<\/div>\n\n\n\n<div class=\"wp-block-column is-vertically-aligned-top am-content-1-right is-layout-flow wp-block-column-is-layout-flow\">\n<figure class=\"wp-block-image size-large\"><img alt=\"\" decoding=\"async\" width=\"1024\" height=\"669\" src=\"https:\/\/www.camping-lacamance.com\/wp-content\/uploads\/2025\/12\/lac-orient-2023-064-1024x669.webp\" alt=\"\" class=\"wp-image-43\" style=\"aspect-ratio:1;object-fit:cover\" srcset=\"https:\/\/www.camping-lacamance.com\/wp-content\/uploads\/2025\/12\/lac-orient-2023-064-1024x669.webp 1024w, https:\/\/www.camping-lacamance.com\/wp-content\/uploads\/2025\/12\/lac-orient-2023-064-300x196.webp 300w, https:\/\/www.camping-lacamance.com\/wp-content\/uploads\/2025\/12\/lac-orient-2023-064-768x502.webp 768w, https:\/\/www.camping-lacamance.com\/wp-content\/uploads\/2025\/12\/lac-orient-2023-064.webp 1920w\" sizes=\"(max-width: 1024px) 100vw, 1024px\" \/><\/figure>\n<\/div>\n<\/div>\n\n<div class=\"wp-block-group alignfull is-style-hrz-is-waves anim_element_bottomleft has-global-padding is-layout-constrained wp-container-core-group-is-layout-4383d167 wp-block-group-is-layout-constrained\">\n<div class=\"wp-block-columns alignwide are-vertically-aligned-center hrz-responsive-col hrz-reponsive-order is-layout-flex wp-container-core-columns-is-layout-55d0221a wp-block-columns-is-layout-flex\" style=\"margin-top:0;margin-bottom:0;padding-top:var(--wp--preset--spacing--xl);padding-right:2rem;padding-bottom:var(--wp--preset--spacing--xl);padding-left:2rem\">\n<div class=\"wp-block-column is-vertically-aligned-center is-layout-flow wp-block-column-is-layout-flow\">\n<figure class=\"wp-block-image size-full is-resized map-home\"><img alt=\"\" decoding=\"async\" width=\"1920\" height=\"1280\" src=\"https:\/\/www.camping-lacamance.com\/wp-content\/uploads\/2025\/12\/lac-orient-2-086.webp\" alt=\"\" class=\"wp-image-38\" style=\"width:490px\" srcset=\"https:\/\/www.camping-lacamance.com\/wp-content\/uploads\/2025\/12\/lac-orient-2-086.webp 1920w, https:\/\/www.camping-lacamance.com\/wp-content\/uploads\/2025\/12\/lac-orient-2-086-300x200.webp 300w, https:\/\/www.camping-lacamance.com\/wp-content\/uploads\/2025\/12\/lac-orient-2-086-1024x683.webp 1024w, https:\/\/www.camping-lacamance.com\/wp-content\/uploads\/2025\/12\/lac-orient-2-086-768x512.webp 768w, https:\/\/www.camping-lacamance.com\/wp-content\/uploads\/2025\/12\/lac-orient-2-086-1440x960.webp 1440w, https:\/\/www.camping-lacamance.com\/wp-content\/uploads\/2025\/12\/lac-orient-2-086-1080x720.webp 1080w, https:\/\/www.camping-lacamance.com\/wp-content\/uploads\/2025\/12\/lac-orient-2-086-720x480.webp 720w, https:\/\/www.camping-lacamance.com\/wp-content\/uploads\/2025\/12\/lac-orient-2-086-480x320.webp 480w, https:\/\/www.camping-lacamance.com\/wp-content\/uploads\/2025\/12\/lac-orient-2-086-240x160.webp 240w, https:\/\/www.camping-lacamance.com\/wp-content\/uploads\/2025\/12\/lac-orient-2-086-120x80.webp 120w\" sizes=\"(max-width: 1920px) 100vw, 1920px\" \/><\/figure>\n<\/div>\n\n\n\n<div class=\"wp-block-column is-vertically-aligned-center is-layout-flow wp-container-core-column-is-layout-96b295de wp-block-column-is-layout-flow\" style=\"padding-top:0;padding-right:0;padding-bottom:0;padding-left:0\">\n<figure class=\"wp-block-image size-full is-resized\"><img alt=\"\" decoding=\"async\" src=\"https:\/\/www.camping-lacamance.com\/wp-content\/uploads\/2025\/12\/heron-fish.svg\" alt=\"\" class=\"wp-image-87\" style=\"width:60px\"\/><\/figure>\n\n\n\n<h2 class=\"wp-block-heading is-style-hrz-title--sub has-white-color has-text-color has-link-color wp-elements-4e6501e6a468e650f7990bcc858d0f1b\">Animationen<\/h2>\n\n\n\n<p class=\"is-style-hrz-p--title has-white-color has-text-color has-link-color wp-elements-3ac27877ade34eef00c404fea2c62ab2\" style=\"margin-bottom:var(--wp--preset--spacing--l)\">f\u00fcr Jugendliche und Erwachsene<\/p>\n\n\n\n<p class=\"is-style-hrz-p--base has-white-color has-text-color has-link-color wp-elements-484a022327521563ee82413665dd1680\">Auch die Gr\u00f6\u00dferen werden ihren Spa\u00df haben! Es werden sportliche und spielerische Aktivit\u00e4ten organisiert: Volleyball- oder Boule-Turniere, Team-Herausforderungen&#8230; Hier k\u00f6nnen Sie in guter Laune Herausforderungen annehmen und den Campinggeist in vollen Z\u00fcgen genie\u00dfen. <\/p>\n<\/div>\n<\/div>\n<\/div>\n\n<div class=\"wp-block-group alignfull anim_element_bottomright has-global-padding is-layout-constrained wp-container-core-group-is-layout-b62c55f4 wp-block-group-is-layout-constrained\" style=\"margin-bottom:var(--wp--preset--spacing--xl);padding-top:var(--wp--preset--spacing--xl);padding-bottom:var(--wp--preset--spacing--xl)\">\n<div class=\"wp-block-group is-layout-flow wp-container-core-group-is-layout-6962916a wp-block-group-is-layout-flow\" style=\"padding-right:var(--wp--preset--spacing--l);padding-left:var(--wp--preset--spacing--l)\">\n<figure class=\"wp-block-image aligncenter size-full is-resized\"><img alt=\"\" decoding=\"async\" src=\"https:\/\/www.camping-lacamance.com\/wp-content\/uploads\/2025\/12\/bird-branch.svg\" alt=\"\" class=\"wp-image-86\" style=\"object-fit:cover;width:57px;height:55px\"\/><\/figure>\n\n\n\n<p class=\"has-text-align-center is-style-lab-p--subtitle is-style-hrz-p--subtitle has-bleu-o-5-color has-text-color has-link-color wp-elements-67303f6ae925c6462b657cdfaf932c31\">Erleben Sie Ihre Abende in vollen Z\u00fcgen<\/p>\n\n\n\n<h2 class=\"wp-block-heading has-text-align-center is-style-hrz-like-title--main is-style-hrz-title--main has-bleu-o-5-color has-text-color has-link-color has-title-font-size wp-elements-a34a18d226abc71ef71885b6cd7ef008\">Festliche und gesellige Abende<\/h2>\n\n\n\n<p class=\"has-text-align-center is-style-lab-p--base is-style-hrz-p--base has-text-alt-color has-text-color has-link-color wp-elements-6e2bf4d8edc464ffb61b656c17815f07\" style=\"margin-top:var(--wp--preset--spacing--s);margin-bottom:var(--wp--preset--spacing--m)\">Wenn die Sonne untergeht, geht die Party weiter! Der Campingplatz wird regelm\u00e4\u00dfig mit Themenabenden und festlichen Veranstaltungen belebt: Minidisco f\u00fcr Kinder, Konzerte, Bingo, Karaoke oder Tanzabende&#8230; Es gibt etwas f\u00fcr jeden Geschmack und jede Generation. Die ideale Gelegenheit, um sch\u00f6ne Momente mit der Familie zu teilen und unvergessliche Erinnerungen unter dem Sternenhimmel zu schaffen.  <\/p>\n<\/div>\n<\/div>\n\n<div class=\"wp-block-columns alignwide hrz-responsive-col hrz-reponsive-order am-content-1 is-layout-flex wp-container-core-columns-is-layout-79404a72 wp-block-columns-is-layout-flex\" style=\"margin-top:0;margin-bottom:0;padding-top:var(--wp--preset--spacing--m);padding-right:var(--wp--preset--spacing--xxl);padding-bottom:var(--wp--preset--spacing--m);padding-left:var(--wp--preset--spacing--xxl)\">\n<div class=\"wp-block-column is-vertically-aligned-center is-relative am-content-1-left is-layout-flow wp-container-core-column-is-layout-84cdc0d1 wp-block-column-is-layout-flow\" style=\"padding-top:0;padding-right:0;padding-bottom:20rem;padding-left:0\">\n<h2 class=\"wp-block-heading is-style-hrz-title--sub has-bleu-o-5-color has-text-color has-link-color wp-elements-d1e43532ad888d323964da2f0e4b2aa6\">Spielm\u00f6glichkeiten f\u00fcr Gro\u00df und Klein<\/h2>\n\n\n\n<p class=\"is-style-hrz-p--title has-bleu-o-5-color has-text-color has-link-color wp-elements-f7ca045a58844b5d5d2fec8878c8021d\" style=\"margin-bottom:var(--wp--preset--spacing--l)\">Auf dem Campingplatz Lac Amance gibt es alles, um sich zu am\u00fcsieren.<\/p>\n\n\n\n<p class=\"is-style-hrz-p--base\">Auf dem Campingplatz k\u00f6nnen <strong>sich Gro\u00df und Klein<\/strong> w\u00e4hrend ihres gesamten Aufenthalts <strong>am\u00fcsieren<\/strong>! Unsere Freizeitbereiche sind so gestaltet, dass jeder seinen Urlaub in vollen Z\u00fcgen genie\u00dfen kann, zwischen Entspannung, Geselligkeit und gemeinsamen Momenten. <\/p>\n<\/div>\n\n\n\n<div class=\"wp-block-column is-vertically-aligned-top am-content-1-right is-layout-flow wp-block-column-is-layout-flow\">\n<figure class=\"wp-block-image size-large\"><img alt=\"\" decoding=\"async\" width=\"1024\" height=\"683\" src=\"https:\/\/www.camping-lacamance.com\/wp-content\/uploads\/2025\/12\/MC1_2108-1024x683.webp\" alt=\"\" class=\"wp-image-44\" style=\"aspect-ratio:1;object-fit:cover\" srcset=\"https:\/\/www.camping-lacamance.com\/wp-content\/uploads\/2025\/12\/MC1_2108-1024x683.webp 1024w, https:\/\/www.camping-lacamance.com\/wp-content\/uploads\/2025\/12\/MC1_2108-300x200.webp 300w, https:\/\/www.camping-lacamance.com\/wp-content\/uploads\/2025\/12\/MC1_2108-768x512.webp 768w, https:\/\/www.camping-lacamance.com\/wp-content\/uploads\/2025\/12\/MC1_2108-1440x960.webp 1440w, https:\/\/www.camping-lacamance.com\/wp-content\/uploads\/2025\/12\/MC1_2108-1080x720.webp 1080w, https:\/\/www.camping-lacamance.com\/wp-content\/uploads\/2025\/12\/MC1_2108-720x480.webp 720w, https:\/\/www.camping-lacamance.com\/wp-content\/uploads\/2025\/12\/MC1_2108-480x320.webp 480w, https:\/\/www.camping-lacamance.com\/wp-content\/uploads\/2025\/12\/MC1_2108-240x160.webp 240w, https:\/\/www.camping-lacamance.com\/wp-content\/uploads\/2025\/12\/MC1_2108-120x80.webp 120w, https:\/\/www.camping-lacamance.com\/wp-content\/uploads\/2025\/12\/MC1_2108.webp 1920w\" sizes=\"(max-width: 1024px) 100vw, 1024px\" \/><\/figure>\n<\/div>\n<\/div>\n\n<div class=\"wp-block-group alignfull is-style-hrz-is-waves anim_element_bottomleft has-global-padding is-layout-constrained wp-container-core-group-is-layout-4383d167 wp-block-group-is-layout-constrained\">\n<div class=\"wp-block-columns alignwide are-vertically-aligned-center hrz-responsive-col hrz-reponsive-order is-layout-flex wp-container-core-columns-is-layout-55d0221a wp-block-columns-is-layout-flex\" style=\"margin-top:0;margin-bottom:0;padding-top:var(--wp--preset--spacing--xl);padding-right:2rem;padding-bottom:var(--wp--preset--spacing--xl);padding-left:2rem\">\n<div class=\"wp-block-column is-vertically-aligned-center is-layout-flow wp-block-column-is-layout-flow\">\n<figure class=\"wp-block-image size-full is-resized map-home\"><img alt=\"\" decoding=\"async\" width=\"1920\" height=\"1279\" src=\"https:\/\/www.camping-lacamance.com\/wp-content\/uploads\/2025\/12\/MC1_2270.webp\" alt=\"\" class=\"wp-image-42\" style=\"width:490px\" srcset=\"https:\/\/www.camping-lacamance.com\/wp-content\/uploads\/2025\/12\/MC1_2270.webp 1920w, https:\/\/www.camping-lacamance.com\/wp-content\/uploads\/2025\/12\/MC1_2270-300x200.webp 300w, https:\/\/www.camping-lacamance.com\/wp-content\/uploads\/2025\/12\/MC1_2270-1024x682.webp 1024w, https:\/\/www.camping-lacamance.com\/wp-content\/uploads\/2025\/12\/MC1_2270-768x512.webp 768w, https:\/\/www.camping-lacamance.com\/wp-content\/uploads\/2025\/12\/MC1_2270-1440x960.webp 1440w, https:\/\/www.camping-lacamance.com\/wp-content\/uploads\/2025\/12\/MC1_2270-1080x720.webp 1080w, https:\/\/www.camping-lacamance.com\/wp-content\/uploads\/2025\/12\/MC1_2270-720x480.webp 720w, https:\/\/www.camping-lacamance.com\/wp-content\/uploads\/2025\/12\/MC1_2270-480x320.webp 480w, https:\/\/www.camping-lacamance.com\/wp-content\/uploads\/2025\/12\/MC1_2270-240x160.webp 240w, https:\/\/www.camping-lacamance.com\/wp-content\/uploads\/2025\/12\/MC1_2270-120x80.webp 120w\" sizes=\"(max-width: 1920px) 100vw, 1920px\" \/><\/figure>\n<\/div>\n\n\n\n<div class=\"wp-block-column is-vertically-aligned-center is-layout-flow wp-container-core-column-is-layout-96b295de wp-block-column-is-layout-flow\" style=\"padding-top:0;padding-right:0;padding-bottom:0;padding-left:0\">\n<figure class=\"wp-block-image size-full is-resized\"><img alt=\"\" decoding=\"async\" src=\"https:\/\/www.camping-lacamance.com\/wp-content\/uploads\/2025\/12\/heron-fish.svg\" alt=\"\" class=\"wp-image-87\" style=\"width:60px\"\/><\/figure>\n\n\n\n<h2 class=\"wp-block-heading is-style-hrz-title--sub has-white-color has-text-color has-link-color wp-elements-76233d0e02709c59f2d420a3a5992a2d\">Der Spielplatz &#8220;Accro Game&#8221;.<\/h2>\n\n\n\n<p class=\"is-style-hrz-p--title has-white-color has-text-color has-link-color wp-elements-89d4f4d4b9ace7ee9c68cc127c1bc7e6\" style=\"margin-bottom:var(--wp--preset--spacing--l)\">ein Abenteuerspielplatz f\u00fcr Kinder<\/p>\n\n\n\n<p class=\"is-style-hrz-p--base has-white-color has-text-color has-link-color wp-elements-2fe6f9db569d730ebd0309ceeee8949b\">Die J\u00fcngsten finden ihr Gl\u00fcck auf unserem Spielplatz &#8220;Accro Game&#8221;, einer gro\u00dfen, mehrst\u00f6ckigen Struktur, die f\u00fcr alle Altersgruppen gedacht ist.<\/p>\n\n\n\n<p class=\"is-style-hrz-p--base has-white-color has-text-color has-link-color wp-elements-ea69e9e6cdc595a37785e73fb41bcef6\">Die kleineren Kinder k\u00f6nnen sich sicher auf den unteren Modulen vergn\u00fcgen, die auf ihre Gr\u00f6\u00dfe und ihr Tempo abgestimmt sind, w\u00e4hrend die gr\u00f6\u00dferen Kinder und Teenager h\u00f6her klettern und sich den Herausforderungen der oberen Module stellen k\u00f6nnen, die ihre Beweglichkeit und ihren Abenteuergeist f\u00f6rdern.<\/p>\n<\/div>\n<\/div>\n<\/div>\n\n<div class=\"wp-block-columns alignwide hrz-responsive-col hrz-reponsive-order am-content-1 is-layout-flex wp-container-core-columns-is-layout-79404a72 wp-block-columns-is-layout-flex\" style=\"margin-top:0;margin-bottom:0;padding-top:var(--wp--preset--spacing--m);padding-right:var(--wp--preset--spacing--xxl);padding-bottom:var(--wp--preset--spacing--m);padding-left:var(--wp--preset--spacing--xxl)\">\n<div class=\"wp-block-column is-vertically-aligned-top is-relative am-content-1-left is-layout-flow wp-container-core-column-is-layout-84cdc0d1 wp-block-column-is-layout-flow\" style=\"padding-top:0;padding-right:0;padding-bottom:20rem;padding-left:0\">\n<h2 class=\"wp-block-heading is-style-hrz-title--sub has-bleu-o-5-color has-text-color has-link-color wp-elements-7df8313bf262408bd279d426bd87f45f\">Spielpl\u00e4tze<\/h2>\n\n\n\n<p class=\"is-style-hrz-p--title has-bleu-o-5-color has-text-color has-link-color wp-elements-773ba8891ad3540708be39fe6c99d0b6\" style=\"margin-bottom:var(--wp--preset--spacing--l)\">f\u00fcr die ganze Familie<\/p>\n\n\n\n<p class=\"is-style-hrz-p--base\">Um die entspannten und geselligen Momente zu verl\u00e4ngern, verf\u00fcgt der Campingplatz \u00fcber mehrere Boulepl\u00e4tze, die ideal sind, um eine Partie mit Freunden oder der Familie in einer entspannten und sonnigen Atmosph\u00e4re zu spielen. Etwas weiter entfernt gibt es Tischtennisplatten, an denen Sie mit Freunden oder der Familie spielen k\u00f6nnen, um die sonnigen Nachmittage in einer geselligen Atmosph\u00e4re zu verl\u00e4ngern. <\/p>\n\n\n\n<p class=\"is-style-hrz-p--base\">Ob Sie sich entspannen, sich am\u00fcsieren oder sich kleinen Herausforderungen stellen wollen, unsere Spielanlagen bringen die ganze Familie zusammen, um in einer freundlichen und authentischen Atmosph\u00e4re Spa\u00df zu haben und zusammenzuarbeiten.<\/p>\n\n\n\n<figure class=\"wp-block-image size-full is-absolute heron-one\"><img alt=\"\" decoding=\"async\" src=\"https:\/\/www.camping-lacamance.com\/wp-content\/uploads\/2025\/12\/heron.svg\" alt=\"\" class=\"wp-image-88\"\/><\/figure>\n<\/div>\n\n\n\n<div class=\"wp-block-column is-vertically-aligned-top am-content-1-right is-layout-flow wp-block-column-is-layout-flow\">\n<figure class=\"wp-block-image size-large\"><img alt=\"\" decoding=\"async\" width=\"892\" height=\"1024\" src=\"https:\/\/www.camping-lacamance.com\/wp-content\/uploads\/2025\/12\/lac-orient-2-110-892x1024.webp\" alt=\"\" class=\"wp-image-36\" style=\"aspect-ratio:1;object-fit:cover\" srcset=\"https:\/\/www.camping-lacamance.com\/wp-content\/uploads\/2025\/12\/lac-orient-2-110-892x1024.webp 892w, https:\/\/www.camping-lacamance.com\/wp-content\/uploads\/2025\/12\/lac-orient-2-110-261x300.webp 261w, https:\/\/www.camping-lacamance.com\/wp-content\/uploads\/2025\/12\/lac-orient-2-110-768x881.webp 768w, https:\/\/www.camping-lacamance.com\/wp-content\/uploads\/2025\/12\/lac-orient-2-110.webp 1673w\" sizes=\"(max-width: 892px) 100vw, 892px\" \/><\/figure>\n<\/div>\n<\/div>\n","protected":false},"excerpt":{"rendered":"<p>Viel Spa\u00df auf dem Campingplatz Lac Amance Animationen f\u00fcr alle! Auf dem Campingplatz sind die Tage von guter Laune und Geselligkeit gepr\u00e4gt! Wir bieten in den Monaten Juli und August Aktivit\u00e4ten f\u00fcr alle Altersgruppen an, damit jeder einen Urlaub voller Lachen, Austausch und Entdeckungen genie\u00dfen kann. Der Kids Club eine Welt des Spiels und der [&hellip;]<\/p>\n","protected":false},"author":1,"featured_media":0,"parent":0,"menu_order":33,"comment_status":"closed","ping_status":"closed","template":"page-no-title","meta":{"_acf_changed":false,"_seopress_robots_primary_cat":"","_seopress_titles_title":"Familiencampingplatz im For\u00eat d'Orient | Aktivit\u00e4ten f\u00fcr Gro\u00df und Klein","_seopress_titles_desc":"Gl\u00fcck f\u00fcr den ganzen Stamm! Im Herzen des For\u00eat d'Orient finden Sie ein abwechslungsreiches Unterhaltungs- und Freizeitangebot. Spiele f\u00fcr die Kinder, Entspannung f\u00fcr Ihren Urlaub.  ","_seopress_robots_index":"","footnotes":""},"class_list":["post-564","page","type-page","status-publish","hentry"],"acf":[],"_links":{"self":[{"href":"https:\/\/www.camping-lacamance.com\/de\/wp-json\/wp\/v2\/pages\/564","targetHints":{"allow":["GET"]}}],"collection":[{"href":"https:\/\/www.camping-lacamance.com\/de\/wp-json\/wp\/v2\/pages"}],"about":[{"href":"https:\/\/www.camping-lacamance.com\/de\/wp-json\/wp\/v2\/types\/page"}],"author":[{"embeddable":true,"href":"https:\/\/www.camping-lacamance.com\/de\/wp-json\/wp\/v2\/users\/1"}],"replies":[{"embeddable":true,"href":"https:\/\/www.camping-lacamance.com\/de\/wp-json\/wp\/v2\/comments?post=564"}],"version-history":[{"count":1,"href":"https:\/\/www.camping-lacamance.com\/de\/wp-json\/wp\/v2\/pages\/564\/revisions"}],"predecessor-version":[{"id":567,"href":"https:\/\/www.camping-lacamance.com\/de\/wp-json\/wp\/v2\/pages\/564\/revisions\/567"}],"wp:attachment":[{"href":"https:\/\/www.camping-lacamance.com\/de\/wp-json\/wp\/v2\/media?parent=564"}],"curies":[{"name":"wp","href":"https:\/\/api.w.org\/{rel}","templated":true}]}}